{"id":5206,"date":"2025-11-17T10:15:20","date_gmt":"2025-11-17T09:15:20","guid":{"rendered":"https:\/\/www.zr2.rw.fau.de\/?page_id=5206"},"modified":"2025-12-19T11:00:29","modified_gmt":"2025-12-19T10:00:29","slug":"startseite","status":"publish","type":"page","link":"https:\/\/www.zr2.rw.fau.de\/","title":{"rendered":"Homepage"},"content":{"rendered":"\n<figure class=\"wp-block-image size-full is-style-large has-overlay\"><div class=\"image-wrapper\"><img loading=\"lazy\" decoding=\"async\" src=\"https:\/\/www.zr2.rw.fau.de\/files\/2022\/07\/Bild1-1.jpg\" alt=\"\" class=\"wp-image-2846 tall-image\" srcset=\"https:\/\/www.zr2.rw.fau.de\/files\/2022\/07\/Bild1-1.jpg 938w, https:\/\/www.zr2.rw.fau.de\/files\/2022\/07\/Bild1-1-300x205.jpg 300w, https:\/\/www.zr2.rw.fau.de\/files\/2022\/07\/Bild1-1-768x524.jpg 768w, https:\/\/www.zr2.rw.fau.de\/files\/2022\/07\/Bild1-1-352x240.jpg 352w, https:\/\/www.zr2.rw.fau.de\/files\/2022\/07\/Bild1-1-469x320.jpg 469w, https:\/\/www.zr2.rw.fau.de\/files\/2022\/07\/Bild1-1-689x470.jpg 689w\" \/><button class=\"image-fullscreen-btn\" onclick=\"openImageFullscreen('https:\/\/www.zr2.rw.fau.de\/files\/2022\/07\/Bild1-1.jpg')\">\u26f6<\/button><\/div><\/figure>\n\n\n\n<p>Wir hei\u00dfen Sie herzlich willkommen auf unseren Internetseiten!<\/p>\n\n\n\n\n\n\n\n<hr class=\"wp-block-separator has-alpha-channel-opacity\" \/>\n\n\n\n<p><a href=\"https:\/\/badw.de\/die-akademie\/presse\/pressemitteilungen\/pm-einzelartikel\/detail\/stellungnahme-zur-verteidigung-demokratischer-werte.html\"><strong>Stellungnahme zur Verteidigung demokratischer Werte<\/strong><\/a><br><em>Die Bayerische Akademie der Wissenschaften setzt ein Zeichen f\u00fcr die Verteidigung demokratischer Grundwerte und eine offene Gesellschaft.<\/em><br>In einer Stellungnahme, zu deren Mitunterzeichnern FAU EZIRE Direktor Mathias Rohe geh\u00f6rt, positioniert sich die Bayerische Akademie der Wissenschaften (BAdW) gegen Rechtsextremismus und Demokratiefeindlichkeit und f\u00fcr die Verteidigung demokratischer Grundwerte sowie einer offenen Gesellschaft.<\/p>\n\n\n\n<hr class=\"wp-block-separator has-alpha-channel-opacity\" \/>\n\n\n\n<div class=\"wp-block-media-text is-stacked-on-mobile\" style=\"grid-template-columns:19% auto\"><figure class=\"wp-block-media-text__media\"><img loading=\"lazy\" decoding=\"async\" src=\"https:\/\/www.zr2.rw.fau.de\/files\/2022\/10\/media_103660354.jpeg\" alt=\"\" class=\"wp-image-2861 size-full\" srcset=\"https:\/\/www.zr2.rw.fau.de\/files\/2022\/10\/media_103660354.jpeg 480w, https:\/\/www.zr2.rw.fau.de\/files\/2022\/10\/media_103660354-191x300.jpeg 191w, https:\/\/www.zr2.rw.fau.de\/files\/2022\/10\/media_103660354-70x110.jpeg 70w, https:\/\/www.zr2.rw.fau.de\/files\/2022\/10\/media_103660354-153x240.jpeg 153w, https:\/\/www.zr2.rw.fau.de\/files\/2022\/10\/media_103660354-204x320.jpeg 204w, https:\/\/www.zr2.rw.fau.de\/files\/2022\/10\/media_103660354-300x470.jpeg 300w\" \/><\/figure><div class=\"wp-block-media-text__content\">\n\n\n\n\n<p><em><strong>Mathias Rohe<\/strong><\/em><\/p>\n\n\n\n<p>Das islamische Recht &#8211; Geschichte und Gegenwart<\/p>\n\n\n\n<p>636&nbsp;Seiten<\/p>\n\n\n\n<p>2022&nbsp;|&nbsp;4., aktualisierte Auflage<br>C.H.Beck&nbsp;(Verlag)<br>978-3-406-79039-3&nbsp;(ISBN)<\/p>\n<\/div><\/div>\n\n\n\n<hr class=\"wp-block-separator has-alpha-channel-opacity\" \/>\n\n\n\n<h2 class=\"wp-block-heading\">Links<\/h2>\n\n\n\n<ul class=\"wp-block-list\">\n<li><a href=\"http:\/\/www.ezire.fau.de\">EZIRE<\/a><\/li>\n\n\n\n<li><a href=\"https:\/\/www.zr2.rw.fau.de\/forschung\/forschungsstelle-fuer-religioese-vielfalt\/\">Research Center for Religious Diversity<\/a><\/li>\n\n\n\n<li><a href=\"https:\/\/zr2.cms.rrze.uni-erlangen.de\/forschung\/forschungsstelle-fuer-tuerkisches-recht\/\">Research Center for Turkish Law<\/a><\/li>\n\n\n\n<li><a href=\"https:\/\/zr2.cms.rrze.uni-erlangen.de\/tuerk-hukuku-arastirma-merkezi\/\">T\u00fcrk Hukuku Ara\u015ft\u0131rma Merkezi<\/a><\/li>\n<\/ul>\n\n\n\n\n\n\n\n<div class=\"wp-block-media-text is-stacked-on-mobile\"><figure class=\"wp-block-media-text__media\"><\/figure><div class=\"wp-block-media-text__content\">\n\n\n\n\n\n<\/div><\/div>\n\n\n\n\n","protected":false},"excerpt":{"rendered":"<p>Wir hei\u00dfen Sie herzlich willkommen auf unseren Internetseiten! Stellungnahme zur Verteidigung demokratischer WerteDie Bayerische Akademie der Wissenschaften setzt ein Zeichen f\u00fcr die Verteidigung demokratischer Grundwerte und eine offene Gesellschaft.In einer Stellungnahme, zu deren Mitunterzeichnern FAU EZIRE Direktor Mathias Rohe geh\u00f6rt, positioniert sich die Bayerische Akademie der Wissenschaften (BAdW) gegen Rechtsextremismus und Demokratiefeindlichkeit und f\u00fcr die [&hellip;]<\/p>\n","protected":false},"author":5484,"featured_media":0,"parent":0,"menu_order":0,"comment_status":"closed","ping_status":"closed","template":"","meta":{"_rrze_cache":"enabled","_rrze_multilang_single_locale":"en_US","_rrze_multilang_single_source":"https:\/\/zr2.cms.rrze.uni-erlangen.de\/?page_id=89","footnotes":""},"page_category":[52],"page_tag":[],"class_list":["post-5206","page","type-page","status-publish","hentry","page_category-general","en-US"],"_links":{"self":[{"href":"https:\/\/www.zr2.rw.fau.de\/wp-json\/wp\/v2\/pages\/5206","targetHints":{"allow":["GET"]}}],"collection":[{"href":"https:\/\/www.zr2.rw.fau.de\/wp-json\/wp\/v2\/pages"}],"about":[{"href":"https:\/\/www.zr2.rw.fau.de\/wp-json\/wp\/v2\/types\/page"}],"author":[{"embeddable":true,"href":"https:\/\/www.zr2.rw.fau.de\/wp-json\/wp\/v2\/users\/5484"}],"replies":[{"embeddable":true,"href":"https:\/\/www.zr2.rw.fau.de\/wp-json\/wp\/v2\/comments?post=5206"}],"version-history":[{"count":3,"href":"https:\/\/www.zr2.rw.fau.de\/wp-json\/wp\/v2\/pages\/5206\/revisions"}],"predecessor-version":[{"id":5418,"href":"https:\/\/www.zr2.rw.fau.de\/wp-json\/wp\/v2\/pages\/5206\/revisions\/5418"}],"wp:attachment":[{"href":"https:\/\/www.zr2.rw.fau.de\/wp-json\/wp\/v2\/media?parent=5206"}],"wp:term":[{"taxonomy":"page_category","embeddable":true,"href":"https:\/\/www.zr2.rw.fau.de\/wp-json\/wp\/v2\/page_category?post=5206"},{"taxonomy":"page_tag","embeddable":true,"href":"https:\/\/www.zr2.rw.fau.de\/wp-json\/wp\/v2\/page_tag?post=5206"}],"curies":[{"name":"wp","href":"https:\/\/api.w.org\/{rel}","templated":true}]}}